{"id":11,"date":"2015-07-31T21:15:19","date_gmt":"2015-07-31T21:15:19","guid":{"rendered":"http:\/\/lesvoleursdevie.fr\/?page_id=11"},"modified":"2020-01-12T12:50:18","modified_gmt":"2020-01-12T12:50:18","slug":"lauteur","status":"publish","type":"page","link":"https:\/\/lesvoleursdevie.fr\/?page_id=11","title":{"rendered":"L&rsquo;auteur"},"content":{"rendered":"<p><a href=\"http:\/\/lesvoleursdevie.fr\/wp-content\/uploads\/2015\/07\/IMG_95622.jpg\"><img loading=\"lazy\" decoding=\"async\" class=\" size-medium wp-image-14 aligncenter\" src=\"http:\/\/lesvoleursdevie.fr\/wp-content\/uploads\/2015\/07\/IMG_95622-231x300.jpg\" alt=\"IMG_9562\" width=\"231\" height=\"300\" srcset=\"https:\/\/lesvoleursdevie.fr\/wp-content\/uploads\/2015\/07\/IMG_95622-231x300.jpg 231w, https:\/\/lesvoleursdevie.fr\/wp-content\/uploads\/2015\/07\/IMG_95622-789x1024.jpg 789w\" sizes=\"auto, (max-width: 231px) 100vw, 231px\" \/><\/a><\/p>\n<p>Je m\u2019appelle Marie-C\u00e9line.<br \/>\nJ\u2019ai commenc\u00e9 \u00e0 \u00e9crire ce livre \u00e0 l\u2019\u00e2ge de 30 ans.<\/p>\n<p>Je ne l\u2019ai r\u00e9alis\u00e9 que tardivement, mais j\u2019ai toujours aim\u00e9 \u00e9crire.<br \/>\nJ\u2019ai commenc\u00e9 pour premier journal intime \u00e0 l\u2019\u00e2ge de 11 ans et je n\u2019y ai jamais mis fin.<br \/>\nCela m\u2019a toujours aid\u00e9 \u00e0 projeter mes d\u00e9mons sur papier.<\/p>\n<p>J\u2019ai mis douze ann\u00e9es \u00e0 \u00e9crire ce livre qui raconte ma vie dans les moindres d\u00e9tails.<br \/>\nAujourd\u2019hui, quand je pense \u00e0 mon pass\u00e9, j\u2019ai beaucoup de regrets et de peine.<br \/>\nLa vie m\u2019a rendue plus dure, mais \u00e9galement tr\u00e8s fragile.<br \/>\nIl n\u2019est pas simple d\u2019avancer quand le destin vous fait prendre un chemin parsem\u00e9 d\u2019emb\u00fbches.<br \/>\nMais vous n\u2019avez pas le choix, et il faut survivre.<br \/>\nC\u2019est ce que je m\u2019efforce de faire chaque jour.<\/p>\n<p><strong>Lire le <\/strong><a href=\"http:\/\/lesvoleursdevie.fr\/?p=49\"><strong>prologue du livre<\/strong><\/a><\/p>\n","protected":false},"excerpt":{"rendered":"<p>Je m\u2019appelle Marie-C\u00e9line. J\u2019ai commenc\u00e9 \u00e0 \u00e9crire ce livre \u00e0 l\u2019\u00e2ge de 30 ans. Je ne l\u2019ai r\u00e9alis\u00e9 que tardivement, mais j\u2019ai toujours aim\u00e9 \u00e9crire. J\u2019ai commenc\u00e9 pour premier journal intime \u00e0 l\u2019\u00e2ge de 11 ans et je n\u2019y ai jamais mis fin. Cela m\u2019a toujours aid\u00e9 \u00e0 projeter mes d\u00e9mons sur papier. J\u2019ai mis [&hellip;]<\/p>\n","protected":false},"author":1,"featured_media":0,"parent":0,"menu_order":0,"comment_status":"open","ping_status":"open","template":"","meta":{"footnotes":""},"class_list":["post-11","page","type-page","status-publish","hentry"],"_links":{"self":[{"href":"https:\/\/lesvoleursdevie.fr\/index.php?rest_route=\/wp\/v2\/pages\/11","targetHints":{"allow":["GET"]}}],"collection":[{"href":"https:\/\/lesvoleursdevie.fr\/index.php?rest_route=\/wp\/v2\/pages"}],"about":[{"href":"https:\/\/lesvoleursdevie.fr\/index.php?rest_route=\/wp\/v2\/types\/page"}],"author":[{"embeddable":true,"href":"https:\/\/lesvoleursdevie.fr\/index.php?rest_route=\/wp\/v2\/users\/1"}],"replies":[{"embeddable":true,"href":"https:\/\/lesvoleursdevie.fr\/index.php?rest_route=%2Fwp%2Fv2%2Fcomments&post=11"}],"version-history":[{"count":4,"href":"https:\/\/lesvoleursdevie.fr\/index.php?rest_route=\/wp\/v2\/pages\/11\/revisions"}],"predecessor-version":[{"id":160,"href":"https:\/\/lesvoleursdevie.fr\/index.php?rest_route=\/wp\/v2\/pages\/11\/revisions\/160"}],"wp:attachment":[{"href":"https:\/\/lesvoleursdevie.fr\/index.php?rest_route=%2Fwp%2Fv2%2Fmedia&parent=11"}],"curies":[{"name":"wp","href":"https:\/\/api.w.org\/{rel}","templated":true}]}}