{"id":2,"date":"2015-07-31T20:07:42","date_gmt":"2015-07-31T20:07:42","guid":{"rendered":"http:\/\/lesvoleursdevie.fr\/?page_id=2"},"modified":"2024-03-19T11:17:43","modified_gmt":"2024-03-19T11:17:43","slug":"page-d-exemple","status":"publish","type":"page","link":"https:\/\/lesvoleursdevie.fr\/?page_id=2","title":{"rendered":"Commander"},"content":{"rendered":"<p>Les voleurs de vie (<em>340 pages<\/em>)<\/p>\n<table style=\"height: 155px;\" width=\"1268\">\n<tbody>\n<tr>\n<td>Un jour&#8230; un \u00e9v\u00e9nement&#8230; j\u2019avais 10 ans. Je ne le r\u00e9alisais pas encore mais mon avenir \u00e9tait d\u00e9j\u00e0 scell\u00e9.<br \/>\nAujourd&rsquo;hui, j\u2019ai 44 ans, et il para\u00eet que je suis \u00ab borderline \u00bb.Au travers de cette histoire vraie, \u00e9crite \u00e0 partir de mes souvenirs et de mes journaux intimes, d\u00e9couvrez \u00e0 quel point une vie enti\u00e8re peut \u00eatre boulevers\u00e9e par des ann\u00e9es d\u2019une enfance douloureuse.<\/td>\n<\/tr>\n<\/tbody>\n<\/table>\n<p>Vous pouvez disposer de mon livre en e-book : <a href=\"http:\/\/www.amazon.fr\/dp\/B013J9X1C2\" target=\"_blank\" rel=\"noopener noreferrer\">ici<\/a>.<\/p>\n<p><span style=\"text-decoration: underline;\">Prix<\/span> : <strong>3.99\u20ac T.T.C.<\/strong><\/p>\n<p>Il n&rsquo;est pas n\u00e9cessaire de poss\u00e9der une liseuse kindle.<\/p>\n<hr \/>\n<p>Pour recevoir un livre format papier.<br \/>\n<span style=\"color: #ff0000;\">Merci de bien pr\u00e9ciser votre nom, pr\u00e9nom et votre adresse postale.<\/span><\/p>\n<p><strong>Paiement par carte bancaire et Paypal<\/strong> :<\/p>\n<p><span style=\"text-decoration: underline;\">Prix<\/span> : <strong>13.50\u20ac T.T.C<\/strong>. (hors frais de livraison)<\/p>\n<p><em>Possibilit\u00e9 de venir le chercher \u00e0 mon domicile ou chez mes\u00a0s\u0153urs, sans frais.<\/em><br \/>\nDans ce cas, choisir \u00ab\u00a0<strong>Sans livraison<\/strong>\u00a0\u00bb<\/p>\n<form action=\"https:\/\/www.paypal.com\/cgi-bin\/webscr\" method=\"post\" target=\"paypal\"><input name=\"cmd\" type=\"hidden\" value=\"_s-xclick\" \/><br \/>\n<input name=\"hosted_button_id\" type=\"hidden\" value=\"2Q59NU3PFY4XW\" \/><\/p>\n<table>\n<tbody>\n<tr>\n<td><input name=\"on0\" type=\"hidden\" value=\"Prix\" \/>Prix<\/td>\n<\/tr>\n<tr>\n<td><select name=\"os0\"><option value=\"Avec livraison\">Avec livraison \u20ac18,90 EUR<\/option><option value=\"Sans livraison\">Sans livraison \u20ac13,50 EUR<\/option><option value=\"International (U.E.)\">International (U.E.) \u20ac22,30 EUR<\/option><\/select><\/td>\n<\/tr>\n<\/tbody>\n<\/table>\n<p><input name=\"currency_code\" type=\"hidden\" value=\"EUR\" \/><br \/>\n<input alt=\"PayPal, le r\u00e9flexe s\u00e9curit\u00e9 pour payer en ligne\" name=\"submit\" src=\"https:\/\/www.paypalobjects.com\/fr_FR\/FR\/i\/btn\/btn_cart_LG.gif\" type=\"image\" \/><br \/>\n<img loading=\"lazy\" decoding=\"async\" src=\"https:\/\/www.paypalobjects.com\/fr_FR\/i\/scr\/pixel.gif\" alt=\"\" width=\"1\" height=\"1\" border=\"0\" \/><\/p>\n<\/form>\n<hr \/>\n<p><strong>Paiement par virement<\/strong>\u00a0:<\/p>\n<p>Domiciliation : LECERF MArie-C\u00e9line<\/p>\n<p>IBAN : FR76 1200 6000 1682 1065 1173 608<\/p>\n<p>BIC : AGRIFRPP820<\/p>\n<hr \/>\n<p>Si vous pr\u00e9f\u00e9rez payer par ch\u00e8que, merci d&rsquo;en faire la demande via le <a href=\"http:\/\/lesvoleursdevie.fr\/?page_id=22\">formulaire de contact<\/a>.<\/p>\n<p style=\"text-align: center;\">Merci de votre confiance et de votre soutien dans mon aventure.<\/p>\n<p style=\"text-align: center;\">Pour toutes questions, n\u2019h\u00e9sitez-pas \u00e0 passer <a href=\"http:\/\/lesvoleursdevie.fr\/?page_id=22\">par le formulaire de contact<\/a><\/p>\n","protected":false},"excerpt":{"rendered":"<p>Les voleurs de vie (340 pages) Un jour&#8230; un \u00e9v\u00e9nement&#8230; j\u2019avais 10 ans. Je ne le r\u00e9alisais pas encore mais mon avenir \u00e9tait d\u00e9j\u00e0 scell\u00e9. Aujourd&rsquo;hui, j\u2019ai 44 ans, et il para\u00eet que je suis \u00ab borderline \u00bb.Au travers de cette histoire vraie, \u00e9crite \u00e0 partir de mes souvenirs et de mes journaux intimes, d\u00e9couvrez [&hellip;]<\/p>\n","protected":false},"author":1,"featured_media":0,"parent":0,"menu_order":0,"comment_status":"open","ping_status":"open","template":"","meta":{"footnotes":""},"class_list":["post-2","page","type-page","status-publish","hentry"],"_links":{"self":[{"href":"https:\/\/lesvoleursdevie.fr\/index.php?rest_route=\/wp\/v2\/pages\/2","targetHints":{"allow":["GET"]}}],"collection":[{"href":"https:\/\/lesvoleursdevie.fr\/index.php?rest_route=\/wp\/v2\/pages"}],"about":[{"href":"https:\/\/lesvoleursdevie.fr\/index.php?rest_route=\/wp\/v2\/types\/page"}],"author":[{"embeddable":true,"href":"https:\/\/lesvoleursdevie.fr\/index.php?rest_route=\/wp\/v2\/users\/1"}],"replies":[{"embeddable":true,"href":"https:\/\/lesvoleursdevie.fr\/index.php?rest_route=%2Fwp%2Fv2%2Fcomments&post=2"}],"version-history":[{"count":30,"href":"https:\/\/lesvoleursdevie.fr\/index.php?rest_route=\/wp\/v2\/pages\/2\/revisions"}],"predecessor-version":[{"id":184,"href":"https:\/\/lesvoleursdevie.fr\/index.php?rest_route=\/wp\/v2\/pages\/2\/revisions\/184"}],"wp:attachment":[{"href":"https:\/\/lesvoleursdevie.fr\/index.php?rest_route=%2Fwp%2Fv2%2Fmedia&parent=2"}],"curies":[{"name":"wp","href":"https:\/\/api.w.org\/{rel}","templated":true}]}}